{"id":4349,"date":"2023-05-31T13:28:27","date_gmt":"2023-05-31T16:28:27","guid":{"rendered":"https:\/\/webunify.com.br\/asfcee\/?page_id=4349"},"modified":"2024-03-27T22:40:03","modified_gmt":"2024-03-28T01:40:03","slug":"sobre","status":"publish","type":"page","link":"https:\/\/asfcee.org.br\/index.php\/sobre\/","title":{"rendered":"Sobre"},"content":{"rendered":"\t\t<div data-elementor-type=\"wp-page\" data-elementor-id=\"4349\" class=\"elementor elementor-4349\">\n\t\t\t\t\t\t\t\t\t<section class=\"elementor-section elementor-top-section elementor-element elementor-element-296cc15e elementor-section-boxed elementor-section-height-default elementor-section-height-default\" data-id=\"296cc15e\" data-element_type=\"section\" id=\"xs_team_1\">\n\t\t\t\t\t\t<div class=\"elementor-container elementor-column-gap-default\">\n\t\t\t\t\t<div class=\"elementor-column elementor-col-100 elementor-top-column elementor-element elementor-element-469caa3d\" data-id=\"469caa3d\" data-element_type=\"column\">\n\t\t\t<div class=\"elementor-widget-wrap elementor-element-populated\">\n\t\t\t\t\t\t\t\t<div class=\"elementor-element elementor-element-14664867 elementor-widget elementor-widget-elementskit-heading\" data-id=\"14664867\" data-element_type=\"widget\" data-widget_type=\"elementskit-heading.default\">\n\t\t\t\t<div class=\"elementor-widget-container\">\n\t\t\t<div class=\"ekit-wid-con\" ><div class=\"ekit-heading elementskit-section-title-wraper text_center   ekit_heading_tablet-   ekit_heading_mobile-\"><h3 class=\"ekit-heading--title elementskit-section-title \">Quem Somos? <\/h3><\/div><\/div>\t\t<\/div>\n\t\t\t\t<\/div>\n\t\t\t\t<div class=\"elementor-element elementor-element-690bda4 elementor-widget elementor-widget-text-editor\" data-id=\"690bda4\" data-element_type=\"widget\" data-widget_type=\"text-editor.default\">\n\t\t\t\t<div class=\"elementor-widget-container\">\n\t\t\t<style>\/*! elementor - v3.13.3 - 28-05-2023 *\/\n.elementor-widget-text-editor.elementor-drop-cap-view-stacked .elementor-drop-cap{background-color:#69727d;color:#fff}.elementor-widget-text-editor.elementor-drop-cap-view-framed .elementor-drop-cap{color:#69727d;border:3px solid;background-color:transparent}.elementor-widget-text-editor:not(.elementor-drop-cap-view-default) .elementor-drop-cap{margin-top:8px}.elementor-widget-text-editor:not(.elementor-drop-cap-view-default) .elementor-drop-cap-letter{width:1em;height:1em}.elementor-widget-text-editor .elementor-drop-cap{float:left;text-align:center;line-height:1;font-size:50px}.elementor-widget-text-editor .elementor-drop-cap-letter{display:inline-block}<\/style>\t\t\t\t<p style=\"text-align: justify;\">A Associa\u00e7\u00e3o dos Servidores da Funda\u00e7\u00e3o Catarinense de Educa\u00e7\u00e3o Especial &#8211; Prof\u00aa Elisete da Costa Vieira, sociedade civil, sem fins lucrativos, de dura\u00e7\u00e3o indeterminada, com sede e foro no munic\u00edpio de S\u00e3o Jos\u00e9, reconhecida como utilidade p\u00fablica sob o n\u00famero 5.522 de 08\/1215, foi fundada em 29 de junho de 1979.<\/p><p style=\"text-align: justify;\">A ASFCEE nasceu com in\u00fameras finalidades, dentre elas est\u00e1 a promo\u00e7\u00e3o da integra\u00e7\u00e3o e unifica\u00e7\u00e3o de associados, bem como a atua\u00e7\u00e3o junto \u00e0 Funda\u00e7\u00e3o Catarinense de Educa\u00e7\u00e3o Especial (FCEE), visando a melhoria das condi\u00e7\u00f5es de trabalho dos servidores.<\/p><p style=\"text-align: justify;\">A miss\u00e3o desta associa\u00e7\u00e3o \u00e9 a busca pela concess\u00e3o dos direitos dos servidores representados em conjunto com outras entidades, bem como o desenvolvimento de projetos e a\u00e7\u00f5es que tragam benef\u00edcios aos trabalhadores que depositam sua confian\u00e7a no trabalho desempenhado pela ASFCEE.<\/p><p style=\"text-align: justify;\">Al\u00e9m disso, busca-se a promo\u00e7\u00e3o de benef\u00edcios aos associados da entidade, a defesa de seus direitos, a realiza\u00e7\u00e3o de atividades culturais e de lazer, entre outros.<\/p>\t\t\t\t\t\t<\/div>\n\t\t\t\t<\/div>\n\t\t\t\t\t<\/div>\n\t\t<\/div>\n\t\t\t\t\t\t\t<\/div>\n\t\t<\/section>\n\t\t\t\t\t\t\t<\/div>\n\t\t","protected":false},"excerpt":{"rendered":"<p>Quem Somos? A Associa\u00e7\u00e3o dos Servidores da Funda\u00e7\u00e3o Catarinense de Educa\u00e7\u00e3o Especial &#8211; Prof\u00aa Elisete da Costa Vieira, sociedade civil, sem fins lucrativos, de dura\u00e7\u00e3o indeterminada, com sede e foro no munic\u00edpio de S\u00e3o Jos\u00e9, reconhecida como utilidade p\u00fablica sob o n\u00famero 5.522 de 08\/1215, foi fundada em 29 de junho de 1979. A ASFCEE [&hellip;]<\/p>\n","protected":false},"author":1,"featured_media":0,"parent":0,"menu_order":0,"comment_status":"closed","ping_status":"closed","template":"elementor_header_footer","meta":[],"_links":{"self":[{"href":"https:\/\/asfcee.org.br\/index.php\/wp-json\/wp\/v2\/pages\/4349"}],"collection":[{"href":"https:\/\/asfcee.org.br\/index.php\/wp-json\/wp\/v2\/pages"}],"about":[{"href":"https:\/\/asfcee.org.br\/index.php\/wp-json\/wp\/v2\/types\/page"}],"author":[{"embeddable":true,"href":"https:\/\/asfcee.org.br\/index.php\/wp-json\/wp\/v2\/users\/1"}],"replies":[{"embeddable":true,"href":"https:\/\/asfcee.org.br\/index.php\/wp-json\/wp\/v2\/comments?post=4349"}],"version-history":[{"count":163,"href":"https:\/\/asfcee.org.br\/index.php\/wp-json\/wp\/v2\/pages\/4349\/revisions"}],"predecessor-version":[{"id":5051,"href":"https:\/\/asfcee.org.br\/index.php\/wp-json\/wp\/v2\/pages\/4349\/revisions\/5051"}],"wp:attachment":[{"href":"https:\/\/asfcee.org.br\/index.php\/wp-json\/wp\/v2\/media?parent=4349"}],"curies":[{"name":"wp","href":"https:\/\/api.w.org\/{rel}","templated":true}]}}