{"id":5173,"date":"2024-04-24T08:22:04","date_gmt":"2024-04-24T11:22:04","guid":{"rendered":"https:\/\/asfcee.org.br\/?page_id=5173"},"modified":"2026-02-10T21:03:53","modified_gmt":"2026-02-11T00:03:53","slug":"descritivo-acoes-ofertadas","status":"publish","type":"page","link":"https:\/\/asfcee.org.br\/index.php\/descritivo-acoes-ofertadas\/","title":{"rendered":"A\u00c7\u00d5ES EM ANDAMENTO"},"content":{"rendered":"\t\t<div data-elementor-type=\"wp-page\" data-elementor-id=\"5173\" class=\"elementor elementor-5173\">\n\t\t\t\t\t\t\t\t\t<section class=\"elementor-section elementor-top-section elementor-element elementor-element-36e4cb3 elementor-section-full_width elementor-section-height-default elementor-section-height-default\" data-id=\"36e4cb3\" data-element_type=\"section\" data-settings=\"{&quot;background_background&quot;:&quot;classic&quot;}\">\n\t\t\t\t\t\t\t<div class=\"elementor-background-overlay\"><\/div>\n\t\t\t\t\t\t\t<div class=\"elementor-container elementor-column-gap-default\">\n\t\t\t\t\t<div class=\"elementor-column elementor-col-100 elementor-top-column elementor-element elementor-element-aacf383\" data-id=\"aacf383\" data-element_type=\"column\" data-settings=\"{&quot;background_background&quot;:&quot;classic&quot;}\">\n\t\t\t<div class=\"elementor-widget-wrap elementor-element-populated\">\n\t\t\t\t\t\t\t\t<div class=\"elementor-element elementor-element-e7f842f elementor-widget elementor-widget-heading\" data-id=\"e7f842f\" data-element_type=\"widget\" data-widget_type=\"heading.default\">\n\t\t\t\t<div class=\"elementor-widget-container\">\n\t\t\t<style>\/*! elementor - v3.13.3 - 28-05-2023 *\/\n.elementor-heading-title{padding:0;margin:0;line-height:1}.elementor-widget-heading .elementor-heading-title[class*=elementor-size-]>a{color:inherit;font-size:inherit;line-height:inherit}.elementor-widget-heading .elementor-heading-title.elementor-size-small{font-size:15px}.elementor-widget-heading .elementor-heading-title.elementor-size-medium{font-size:19px}.elementor-widget-heading .elementor-heading-title.elementor-size-large{font-size:29px}.elementor-widget-heading .elementor-heading-title.elementor-size-xl{font-size:39px}.elementor-widget-heading .elementor-heading-title.elementor-size-xxl{font-size:59px}<\/style><h2 class=\"elementor-heading-title elementor-size-default\">A\u00c7\u00d5ES EM ANDAMENTO<\/h2>\t\t<\/div>\n\t\t\t\t<\/div>\n\t\t\t\t\t<\/div>\n\t\t<\/div>\n\t\t\t\t\t\t\t<\/div>\n\t\t<\/section>\n\t\t\t\t<div class=\"elementor-section elementor-top-section elementor-element elementor-element-72b0d3d elementor-section-boxed elementor-section-height-default elementor-section-height-default\" data-id=\"72b0d3d\" data-element_type=\"section\">\n\t\t\t\t\t\t<div class=\"elementor-container elementor-column-gap-default\">\n\t\t\t\t\t<div class=\"elementor-column elementor-col-100 elementor-top-column elementor-element elementor-element-fcd2843\" data-id=\"fcd2843\" data-element_type=\"column\">\n\t\t\t<div class=\"elementor-widget-wrap elementor-element-populated\">\n\t\t\t\t\t\t\t\t<div class=\"elementor-element elementor-element-1682c53 elementor-widget elementor-widget-elementskit-blog-posts\" data-id=\"1682c53\" data-element_type=\"widget\" data-widget_type=\"elementskit-blog-posts.default\">\n\t\t\t\t<div class=\"elementor-widget-container\">\n\t\t\t<div class=\"ekit-wid-con\" >\n        <div id=\"post-items--1682c53\" class=\"row post-items ekit-blog-posts-content\" data-enable=\"no\">\n\n\t\t\t<!-- Blog Carousel markup render -->\n\t\t\t\n\n            <div class=\"col-md-12\">\n\n                                    <div class=\"elementskit-blog-block-post\">\n                        <div class=\"row no-gutters\">\n                            \n                            <div class=\"col-md-12 order-2\">\n                                <div class=\"elementskit-post-body ekit-highlight-border\">\n                                    <div class=\"elementskit-entry-header\">\n                                        \n                                            \n                                            \n                                                                                <\/div><!-- .elementskit-entry-header END -->\n\n                                                                            <div class=\"elementskit-post-footer\">\n                                                                                            <p><\/p>\n                                                                                                                                                                                                                            <\/div><!-- .elementskit-post-footer END -->\n                                                                    <\/div><!-- .elementskit-post-body END -->\n                            <\/div>\n                        <\/div>\n                    <\/div><!-- .elementskit-blog-block-post .radius .gradient-bg END -->\n                \n            <\/div>\t\t\t\t        <\/div>\n        \n        \n        <\/div>\t\t<\/div>\n\t\t\t\t<\/div>\n\t\t\t\t\t<\/div>\n\t\t<\/div>\n\t\t\t\t\t\t\t<\/div>\n\t\t<\/div>\n\t\t\t\t<section class=\"elementor-section elementor-top-section elementor-element elementor-element-293c4f9 elementor-section-boxed elementor-section-height-default elementor-section-height-default\" data-id=\"293c4f9\" data-element_type=\"section\">\n\t\t\t\t\t\t<div class=\"elementor-container elementor-column-gap-default\">\n\t\t\t\t\t<div class=\"elementor-column elementor-col-100 elementor-top-column elementor-element elementor-element-16ca724\" data-id=\"16ca724\" data-element_type=\"column\">\n\t\t\t<div class=\"elementor-widget-wrap elementor-element-populated\">\n\t\t\t\t\t\t\t\t<div class=\"elementor-element elementor-element-4326e19 elementor-widget elementor-widget-html\" data-id=\"4326e19\" data-element_type=\"widget\" data-widget_type=\"html.default\">\n\t\t\t\t<div class=\"elementor-widget-container\">\n\t\t\t<div class=\"elementor-element elementor-element-1682c53 elementor-widget elementor-widget-elementskit-blog-posts\" data-id=\"1682c53\" data-element_type=\"widget\" data-widget_type=\"elementskit-blog-posts.default\">\r\n\t<div class=\"elementor-widget-container\">\r\n        <div class=\"ekit-wid-con\">\r\n            <div id=\"post-items--1682c53\" class=\"row post-items ekit-blog-posts-content\" data-enable=\"no\">\r\n\t\t\t    <!-- Blog Carousel markup render -->\t\t\r\n                <div class=\"col-md-12\">\r\n                    <div class=\"elementskit-blog-block-post\">\r\n                        <div class=\"row no-gutters\">                            \r\n                            <div class=\"col-md-12 order-2\">\r\n                                <div class=\"elementskit-post-body ekit-highlight-border\">\r\n                                    <div class=\"elementskit-entry-header\">                                                                                \r\n                                        <h2 class=\"entry-title\">\r\n                                            <a href=\"https:\/\/asfcee.org.br\/wp-content\/uploads\/2024\/04\/ASFCEE_e_Niemayer.pdf\">\r\n                                                A\u00e7\u00e3o de Isen\u00e7\u00e3o de Imposto de Renda                    \r\n                                            <\/a>\r\n                                        <\/h2>                                                            \r\n                                    <\/div><!-- .elementskit-entry-header END -->\r\n\r\n                                    <div class=\"elementskit-post-footer\">\r\n                                        <a href=\"https:\/\/asfcee.org.br\/wp-content\/uploads\/2024\/04\/ASFCEE_e_Niemayer.pdf\" target=\"_blank\">Mais informa\u00e7\u00f5es aqui<\/a>\r\n                                    <\/div><!-- .elementskit-post-footer END -->\r\n                                <\/div><!-- .elementskit-post-body END -->\r\n                            <\/div>\r\n                        <\/div>\r\n                    <\/div><!-- .elementskit-blog-block-post .radius .gradient-bg END -->                \r\n                <\/div>\t\t\t\t\r\n\r\n                <div class=\"col-md-12\">\r\n                    <div class=\"elementskit-blog-block-post\">\r\n                        <div class=\"row no-gutters\">                            \r\n                            <div class=\"col-md-12 order-2\">\r\n                                <div class=\"elementskit-post-body ekit-highlight-border\">\r\n                                    <div class=\"elementskit-entry-header\">                                                                                    \r\n                                        <h2 class=\"entry-title\">\r\n                                            <a href=\"https:\/\/asfcee.org.br\/wp-content\/uploads\/2024\/04\/ASFCEE_e_Niemayer_2.pdf\">\r\n                                                A\u00e7\u00e3o de Redu\u00e7\u00e3o da Contribui\u00e7\u00e3o Previdenci\u00e1ria                    \r\n                                            <\/a>\r\n                                        <\/h2>                                                            \r\n                                    <\/div><!-- .elementskit-entry-header END -->\r\n\r\n                                    <div class=\"elementskit-post-footer\">\r\n                                        <a href=\"https:\/\/asfcee.org.br\/wp-content\/uploads\/2024\/04\/ASFCEE_e_Niemayer_2.pdf\" target=\"_blank\">Mais informa\u00e7\u00f5es aqui<\/a>\r\n                                    <\/div><!-- .elementskit-post-footer END -->\r\n                                <\/div><!-- .elementskit-post-body END -->\r\n                            <\/div>\r\n                        <\/div>\r\n                    <\/div><!-- .elementskit-blog-block-post .radius .gradient-bg END -->                \r\n                <\/div>\t\t\t\t\r\n\r\n                <div class=\"col-md-12\">\r\n                    <div class=\"elementskit-blog-block-post\">\r\n                        <div class=\"row no-gutters\">                            \r\n                            <div class=\"col-md-12 order-2\">\r\n                                <div class=\"elementskit-post-body ekit-highlight-border\">\r\n                                    <div class=\"elementskit-entry-header\">                                                                                    \r\n                                        <h2 class=\"entry-title\">\r\n                                            <a href=\"https:\/\/asfcee.org.br\/wp-content\/uploads\/2024\/04\/ASFCEE_e_Niemayer_3.pdf\">\r\n                                                A\u00e7\u00e3o de Convers\u00e3o do Saldo da Licen\u00e7a Pr\u00eamio em Pec\u00fania                    \r\n                                            <\/a>\r\n                                        <\/h2>                                                            \r\n                                    <\/div><!-- .elementskit-entry-header END -->\r\n                                    <div class=\"elementskit-post-footer\">\r\n                                        <a href=\"https:\/\/asfcee.org.br\/wp-content\/uploads\/2024\/04\/ASFCEE_e_Niemayer_3.pdf\" target=\"_blank\">Mais informa\u00e7\u00f5es aqui<\/a>\r\n                                    <\/div><!-- .elementskit-post-footer END -->\r\n                                <\/div><!-- .elementskit-post-body END -->\r\n                            <\/div>\r\n                        <\/div>\r\n                    <\/div><!-- .elementskit-blog-block-post .radius .gradient-bg END -->                \r\n                <\/div>\t\r\n                <div class=\"col-md-12\">\r\n                    <div class=\"elementskit-blog-block-post\">\r\n                        <div class=\"row no-gutters\">                            \r\n                            <div class=\"col-md-12 order-2\">\r\n                                <div class=\"elementskit-post-body ekit-highlight-border\">\r\n                                    <div class=\"elementskit-entry-header\">                                                                                    \r\n                                        <h2 class=\"entry-title\">\r\n                                            <a href=\"https:\/\/asfcee.org.br\/wp-content\/uploads\/2024\/09\/ACAO_INDIVIDUAL_DE_REVISAO_DE_PROGRESSAO_FUNCIONAL.docx\">\r\n                                                A\u00e7\u00e3o Individual de Revis\u00e3o de Progress\u00e3o Funcional\r\n                                            <\/a>\r\n                                        <\/h2>                                                            \r\n                                    <\/div><!-- .elementskit-entry-header END -->\r\n                                    <div class=\"elementskit-post-footer\">\r\n                                        <a href=\"https:\/\/asfcee.org.br\/wp-content\/uploads\/2024\/09\/ACAO_INDIVIDUAL_DE_REVISAO_DE_PROGRESSAO_FUNCIONAL.docx\" target=\"_blank\">Mais informa\u00e7\u00f5es aqui<\/a>\r\n                                    <\/div><!-- .elementskit-post-footer END -->\r\n                                <\/div><!-- .elementskit-post-body END -->\r\n                            <\/div>\r\n                        <\/div>\r\n                    <\/div><!-- .elementskit-blog-block-post .radius .gradient-bg END -->                \r\n                <\/div>\t\t\t   \r\n                <div class=\"col-md-12\">\r\n                    <div class=\"elementskit-blog-block-post\">\r\n                        <div class=\"row no-gutters\">                            \r\n                            <div class=\"col-md-12 order-2\">\r\n                                <div class=\"elementskit-post-body ekit-highlight-border\">\r\n                                    <div class=\"elementskit-entry-header\">                                                                                    \r\n                                        <h2 class=\"entry-title\">\r\n                                            <a href=\"https:\/\/asfcee.org.br\/wp-content\/uploads\/2024\/09\/PROCURACAO_E_CONTRATO_reflexos_abono.pdf\">\r\n                                                Procura\u00e7\u00e3o e Contrato de Honor\u00e1rios\r\n                                            <\/a>\r\n                                        <\/h2>                                                            \r\n                                    <\/div><!-- .elementskit-entry-header END -->\r\n                                    <div class=\"elementskit-post-footer\">\r\n                                        <a href=\"https:\/\/asfcee.org.br\/wp-content\/uploads\/2024\/09\/PROCURACAO_E_CONTRATO_reflexos_abono.pdf\" target=\"_blank\">Mais informa\u00e7\u00f5es aqui<\/a>\r\n                                    <\/div><!-- .elementskit-post-footer END -->\r\n                                <\/div><!-- .elementskit-post-body END -->\r\n                            <\/div>\r\n                        <\/div>\r\n                    <\/div><!-- .elementskit-blog-block-post .radius .gradient-bg END -->                \r\n                <\/div>\t     \r\n            <\/div>                \r\n        <\/div>\r\n\t<\/div>\r\n<\/div>\t\t<\/div>\n\t\t\t\t<\/div>\n\t\t\t\t\t<\/div>\n\t\t<\/div>\n\t\t\t\t\t\t\t<\/div>\n\t\t<\/section>\n\t\t\t\t<section class=\"elementor-section elementor-top-section elementor-element elementor-element-a87a30e elementor-section-boxed elementor-section-height-default elementor-section-height-default\" data-id=\"a87a30e\" data-element_type=\"section\" data-settings=\"{&quot;background_background&quot;:&quot;gradient&quot;}\">\n\t\t\t\t\t\t<div class=\"elementor-container elementor-column-gap-default\">\n\t\t\t\t\t<div class=\"elementor-column elementor-col-100 elementor-top-column elementor-element elementor-element-fd17eab\" data-id=\"fd17eab\" data-element_type=\"column\">\n\t\t\t<div class=\"elementor-widget-wrap elementor-element-populated\">\n\t\t\t\t\t\t\t\t<div class=\"elementor-element elementor-element-7deb4da elementor-widget elementor-widget-heading\" data-id=\"7deb4da\" data-element_type=\"widget\" data-widget_type=\"heading.default\">\n\t\t\t\t<div class=\"elementor-widget-container\">\n\t\t\t<h2 class=\"elementor-heading-title elementor-size-default\">INSTRU\u00c7\u00c3O NORMATIVA<\/h2>\t\t<\/div>\n\t\t\t\t<\/div>\n\t\t\t\t\t<\/div>\n\t\t<\/div>\n\t\t\t\t\t\t\t<\/div>\n\t\t<\/section>\n\t\t\t\t<section class=\"elementor-section elementor-top-section elementor-element elementor-element-233c26a elementor-section-boxed elementor-section-height-default elementor-section-height-default\" data-id=\"233c26a\" data-element_type=\"section\">\n\t\t\t\t\t\t<div class=\"elementor-container elementor-column-gap-default\">\n\t\t\t\t\t<div class=\"elementor-column elementor-col-100 elementor-top-column elementor-element elementor-element-2c8e779\" data-id=\"2c8e779\" data-element_type=\"column\">\n\t\t\t<div class=\"elementor-widget-wrap elementor-element-populated\">\n\t\t\t\t\t\t\t\t<div class=\"elementor-element elementor-element-4404233 elementor-widget elementor-widget-pdf_viewer\" data-id=\"4404233\" data-element_type=\"widget\" data-widget_type=\"pdf_viewer.default\">\n\t\t\t\t<div class=\"elementor-widget-container\">\n\t\t\t<iframe src=\"https:\/\/docs.google.com\/viewer?url=https:\/\/asfcee.org.br\/wp-content\/uploads\/2024\/03\/IN-ASFCEE-2024.pdf&amp;embedded=true\" style=\"display: block; margin-left: auto; margin-right: auto; width: 1340px; height: 1115px;\" frameborder=\"1\" marginheight=\"0px\" marginwidth=\"0px\" allowfullscreen><\/iframe>\t\t<\/div>\n\t\t\t\t<\/div>\n\t\t\t\t\t<\/div>\n\t\t<\/div>\n\t\t\t\t\t\t\t<\/div>\n\t\t<\/section>\n\t\t\t\t<section class=\"elementor-section elementor-top-section elementor-element elementor-element-c32ba80 elementor-section-boxed elementor-section-height-default elementor-section-height-default\" data-id=\"c32ba80\" data-element_type=\"section\" data-settings=\"{&quot;background_background&quot;:&quot;gradient&quot;}\">\n\t\t\t\t\t\t<div class=\"elementor-container elementor-column-gap-default\">\n\t\t\t\t\t<div class=\"elementor-column elementor-col-100 elementor-top-column elementor-element elementor-element-e5d4e83\" data-id=\"e5d4e83\" data-element_type=\"column\">\n\t\t\t<div class=\"elementor-widget-wrap elementor-element-populated\">\n\t\t\t\t\t\t\t\t<div class=\"elementor-element elementor-element-6102891 elementor-widget__width-initial elementor-widget elementor-widget-heading\" data-id=\"6102891\" data-element_type=\"widget\" data-widget_type=\"heading.default\">\n\t\t\t\t<div class=\"elementor-widget-container\">\n\t\t\t<h2 class=\"elementor-heading-title elementor-size-default\">ESCRIT\u00d3RIOS DE ADVOGADOCACIA<\/h2>\t\t<\/div>\n\t\t\t\t<\/div>\n\t\t\t\t\t<\/div>\n\t\t<\/div>\n\t\t\t\t\t\t\t<\/div>\n\t\t<\/section>\n\t\t\t\t<section class=\"elementor-section elementor-top-section elementor-element elementor-element-e5930b3 elementor-section-boxed elementor-section-height-default elementor-section-height-default\" data-id=\"e5930b3\" data-element_type=\"section\">\n\t\t\t\t\t\t<div class=\"elementor-container elementor-column-gap-default\">\n\t\t\t\t\t<div class=\"elementor-column elementor-col-100 elementor-top-column elementor-element elementor-element-4f4bad2\" data-id=\"4f4bad2\" data-element_type=\"column\">\n\t\t\t<div class=\"elementor-widget-wrap elementor-element-populated\">\n\t\t\t\t\t\t\t\t<div class=\"elementor-element elementor-element-a4e9777 elementor-widget elementor-widget-html\" data-id=\"a4e9777\" data-element_type=\"widget\" data-widget_type=\"html.default\">\n\t\t\t\t<div class=\"elementor-widget-container\">\n\t\t\t<div class=\"elementor-element elementor-element-1682c53 elementor-widget elementor-widget-elementskit-blog-posts\" data-id=\"1682c53\" data-element_type=\"widget\" data-widget_type=\"elementskit-blog-posts.default\">\r\n\t<div class=\"elementor-widget-container\">\r\n        <div class=\"ekit-wid-con\">\r\n            <div id=\"post-items--1682c53\" class=\"row post-items ekit-blog-posts-content\" data-enable=\"no\">\r\n\t\t\t    <!-- Blog Carousel markup render -->\t\t\r\n                <div class=\"col-md-12\">\r\n                    <div class=\"elementskit-blog-block-post\">\r\n                        <div class=\"row no-gutters\">                            \r\n                            <div class=\"col-md-12 order-2\">\r\n                                <div class=\"elementskit-post-body ekit-highlight-border\">\r\n                                    <div class=\"elementskit-entry-header\">                                                                                \r\n                                        <h2 class=\"entry-title\">\r\n                                            <a href=\"#\">\r\n                                                Niemeyer advocacia\r\n                                            <\/a>\r\n                                        <\/h2> \r\n\t\t\t\t\t\t\t\t\t\t<p>\r\n\t\t\t\t\t\t\t\t\t\t  Dra D\u00e9bora:  48 9963-3797\r\n\t\t\t\t\t\t\t\t\t\t<\/p>\r\n                                    <\/div><!-- .elementskit-entry-header END -->\r\n\r\n                                    <div class=\"elementskit-post-footer\">\r\n                                        <a href=\"https:\/\/asfcee.org.br\/wp-content\/uploads\/2026\/02\/ACAO_INDIVIDUAL_DE_REVISAO_DE_PROGRESSAO_FUNCIONAL.docx\" target=\"_blank\">Baixe aqui sua procura\u00e7\u00e3o<\/a>\r\n                                    <\/div><!-- .elementskit-post-footer END -->\r\n                                <\/div><!-- .elementskit-post-body END -->\r\n                            <\/div>\r\n                        <\/div>\r\n                    <\/div><!-- .elementskit-blog-block-post .radius .gradient-bg END -->                \r\n                <\/div>\t\t\t\t\r\n            <\/div>                \r\n        <\/div>\r\n\t<\/div>\r\n<\/div>\t\t<\/div>\n\t\t\t\t<\/div>\n\t\t\t\t\t<\/div>\n\t\t<\/div>\n\t\t\t\t\t\t\t<\/div>\n\t\t<\/section>\n\t\t\t\t\t\t\t<\/div>\n\t\t","protected":false},"excerpt":{"rendered":"<p>A\u00c7\u00d5ES EM ANDAMENTO A\u00e7\u00e3o de Isen\u00e7\u00e3o de Imposto de Renda Mais informa\u00e7\u00f5es aqui A\u00e7\u00e3o de Redu\u00e7\u00e3o da Contribui\u00e7\u00e3o Previdenci\u00e1ria Mais informa\u00e7\u00f5es aqui A\u00e7\u00e3o de Convers\u00e3o do Saldo da Licen\u00e7a Pr\u00eamio em Pec\u00fania Mais informa\u00e7\u00f5es aqui A\u00e7\u00e3o Individual de Revis\u00e3o de Progress\u00e3o Funcional Mais informa\u00e7\u00f5es aqui Procura\u00e7\u00e3o e Contrato de Honor\u00e1rios Mais informa\u00e7\u00f5es aqui INSTRU\u00c7\u00c3O NORMATIVA [&hellip;] <\/p>\n","protected":false},"author":2,"featured_media":0,"parent":0,"menu_order":0,"comment_status":"closed","ping_status":"closed","template":"elementor_header_footer","meta":[],"_links":{"self":[{"href":"https:\/\/asfcee.org.br\/index.php\/wp-json\/wp\/v2\/pages\/5173"}],"collection":[{"href":"https:\/\/asfcee.org.br\/index.php\/wp-json\/wp\/v2\/pages"}],"about":[{"href":"https:\/\/asfcee.org.br\/index.php\/wp-json\/wp\/v2\/types\/page"}],"author":[{"embeddable":true,"href":"https:\/\/asfcee.org.br\/index.php\/wp-json\/wp\/v2\/users\/2"}],"replies":[{"embeddable":true,"href":"https:\/\/asfcee.org.br\/index.php\/wp-json\/wp\/v2\/comments?post=5173"}],"version-history":[{"count":81,"href":"https:\/\/asfcee.org.br\/index.php\/wp-json\/wp\/v2\/pages\/5173\/revisions"}],"predecessor-version":[{"id":8573,"href":"https:\/\/asfcee.org.br\/index.php\/wp-json\/wp\/v2\/pages\/5173\/revisions\/8573"}],"wp:attachment":[{"href":"https:\/\/asfcee.org.br\/index.php\/wp-json\/wp\/v2\/media?parent=5173"}],"curies":[{"name":"wp","href":"https:\/\/api.w.org\/{rel}","templated":true}]}}