{"id":7250,"date":"2025-04-16T13:29:27","date_gmt":"2025-04-16T16:29:27","guid":{"rendered":"https:\/\/asfcee.org.br\/?page_id=7250"},"modified":"2025-07-06T12:12:00","modified_gmt":"2025-07-06T15:12:00","slug":"eleicoes-2025","status":"publish","type":"page","link":"https:\/\/asfcee.org.br\/index.php\/eleicoes-2025\/","title":{"rendered":"ELEI\u00c7\u00d5ES 2025"},"content":{"rendered":"\t\t<div data-elementor-type=\"wp-page\" data-elementor-id=\"7250\" class=\"elementor elementor-7250\">\n\t\t\t\t\t\t\t\t\t<section class=\"elementor-section elementor-top-section elementor-element elementor-element-b8a6bd9 elementor-section-boxed elementor-section-height-default elementor-section-height-default\" data-id=\"b8a6bd9\" data-element_type=\"section\">\n\t\t\t\t\t\t<div class=\"elementor-container elementor-column-gap-default\">\n\t\t\t\t\t<div class=\"elementor-column elementor-col-100 elementor-top-column elementor-element elementor-element-af78df8\" data-id=\"af78df8\" data-element_type=\"column\">\n\t\t\t<div class=\"elementor-widget-wrap elementor-element-populated\">\n\t\t\t\t\t\t\t\t<div class=\"elementor-element elementor-element-f6ec90c elementor-grid-2 elementor-grid-tablet-2 elementor-grid-mobile-1 elementor-posts--thumbnail-top elementor-posts--show-avatar elementor-card-shadow-yes elementor-posts__hover-gradient elementor-widget elementor-widget-posts\" data-id=\"f6ec90c\" data-element_type=\"widget\" data-settings=\"{&quot;cards_columns&quot;:&quot;2&quot;,&quot;cards_masonry&quot;:&quot;yes&quot;,&quot;cards_columns_tablet&quot;:&quot;2&quot;,&quot;cards_columns_mobile&quot;:&quot;1&quot;,&quot;cards_row_gap&quot;:{&quot;unit&quot;:&quot;px&quot;,&quot;size&quot;:35,&quot;sizes&quot;:[]},&quot;cards_row_gap_tablet&quot;:{&quot;unit&quot;:&quot;px&quot;,&quot;size&quot;:&quot;&quot;,&quot;sizes&quot;:[]},&quot;cards_row_gap_mobile&quot;:{&quot;unit&quot;:&quot;px&quot;,&quot;size&quot;:&quot;&quot;,&quot;sizes&quot;:[]}}\" data-widget_type=\"posts.cards\">\n\t\t\t\t<div class=\"elementor-widget-container\">\n\t\t\t<link rel=\"stylesheet\" href=\"https:\/\/asfcee.org.br\/wp-content\/plugins\/elementor-pro\/assets\/css\/widget-posts.min.css\">\t\t<div class=\"elementor-posts-container elementor-posts elementor-posts--skin-cards elementor-grid\">\n\t\t\t\t<article class=\"elementor-post elementor-grid-item post-7333 post type-post status-publish format-standard has-post-thumbnail hentry category-eleicoes-2025 category-noticias\">\n\t\t\t<div class=\"elementor-post__card\">\n\t\t\t\t<a class=\"elementor-post__thumbnail__link\" href=\"https:\/\/asfcee.org.br\/index.php\/2025\/05\/16\/atencao-associado\/\" target=\"_blank\"><div class=\"elementor-post__thumbnail\"><img width=\"300\" height=\"243\" src=\"https:\/\/asfcee.org.br\/wp-content\/uploads\/2025\/05\/ASFCEE-SITE-350-x-284-px-4-300x243.jpg\" class=\"attachment-medium size-medium wp-image-7335\" alt=\"\" decoding=\"async\" loading=\"lazy\" srcset=\"https:\/\/asfcee.org.br\/wp-content\/uploads\/2025\/05\/ASFCEE-SITE-350-x-284-px-4-300x243.jpg 300w, https:\/\/asfcee.org.br\/wp-content\/uploads\/2025\/05\/ASFCEE-SITE-350-x-284-px-4.jpg 350w\" sizes=\"(max-width: 300px) 100vw, 300px\" \/><\/div><\/a>\n\t\t\t\t<div class=\"elementor-post__badge\">Elei\u00e7\u00f5es 2025<\/div>\n\t\t\t\t<div class=\"elementor-post__avatar\">\n\t\t\t<img alt='Comunica\u00e7\u00e3o ASFCEE' src='https:\/\/secure.gravatar.com\/avatar\/c50bdbd383b448b42b1f3851407fd09b?s=128&#038;d=mm&#038;r=g' srcset='https:\/\/secure.gravatar.com\/avatar\/c50bdbd383b448b42b1f3851407fd09b?s=256&#038;d=mm&#038;r=g 2x' class='avatar avatar-128 photo' height='128' width='128' loading='lazy' decoding='async'\/>\t\t<\/div>\n\t\t\t\t<div class=\"elementor-post__text\">\n\t\t\t\t<h3 class=\"elementor-post__title\">\n\t\t\t<a href=\"https:\/\/asfcee.org.br\/index.php\/2025\/05\/16\/atencao-associado\/\" target=&quot;_blank&quot;>\n\t\t\t\tATEN\u00c7\u00c3O, ASSOCIADO!\t\t\t<\/a>\n\t\t<\/h3>\n\t\t\t\t<div class=\"elementor-post__excerpt\">\n\t\t\t<p>Nos termos do art. 63 do Estatuto da ASFCEE, comiss\u00e3o eleitoral, por unanimidade, defere a inscri\u00e7\u00e3o da CHAPA 01 &#8211; JUNTOS, SOMOS MAIS FORTES, realizada<\/p>\n\t\t<\/div>\n\t\t\n\t\t<a class=\"elementor-post__read-more\" href=\"https:\/\/asfcee.org.br\/index.php\/2025\/05\/16\/atencao-associado\/\" aria-label=\"Read more about ATEN\u00c7\u00c3O, ASSOCIADO!\" target=\"_blank\">\n\t\t\tLeia mais \u00bb\t\t<\/a>\n\n\t\t\t\t<\/div>\n\t\t\t\t<div class=\"elementor-post__meta-data\">\n\t\t\t\t\t<span class=\"elementor-post-date\">\n\t\t\t16 de May de 2025\t\t<\/span>\n\t\t\t\t<span class=\"elementor-post-avatar\">\n\t\t\tNo Comments\t\t<\/span>\n\t\t\t\t<\/div>\n\t\t\t\t\t<\/div>\n\t\t<\/article>\n\t\t\t\t<article class=\"elementor-post elementor-grid-item post-7338 post type-post status-publish format-standard has-post-thumbnail hentry category-eleicoes-2025 category-noticias\">\n\t\t\t<div class=\"elementor-post__card\">\n\t\t\t\t<a class=\"elementor-post__thumbnail__link\" href=\"https:\/\/asfcee.org.br\/index.php\/2025\/05\/14\/atencao-associado-2\/\" target=\"_blank\"><div class=\"elementor-post__thumbnail\"><img width=\"300\" height=\"243\" src=\"https:\/\/asfcee.org.br\/wp-content\/uploads\/2025\/05\/ASFCEE-SITE-350-x-284-px-1-2-300x243.jpg\" class=\"attachment-medium size-medium wp-image-7340\" alt=\"\" decoding=\"async\" loading=\"lazy\" srcset=\"https:\/\/asfcee.org.br\/wp-content\/uploads\/2025\/05\/ASFCEE-SITE-350-x-284-px-1-2-300x243.jpg 300w, https:\/\/asfcee.org.br\/wp-content\/uploads\/2025\/05\/ASFCEE-SITE-350-x-284-px-1-2.jpg 350w\" sizes=\"(max-width: 300px) 100vw, 300px\" \/><\/div><\/a>\n\t\t\t\t<div class=\"elementor-post__badge\">Elei\u00e7\u00f5es 2025<\/div>\n\t\t\t\t<div class=\"elementor-post__avatar\">\n\t\t\t<img alt='Comunica\u00e7\u00e3o ASFCEE' src='https:\/\/secure.gravatar.com\/avatar\/c50bdbd383b448b42b1f3851407fd09b?s=128&#038;d=mm&#038;r=g' srcset='https:\/\/secure.gravatar.com\/avatar\/c50bdbd383b448b42b1f3851407fd09b?s=256&#038;d=mm&#038;r=g 2x' class='avatar avatar-128 photo' height='128' width='128' loading='lazy' decoding='async'\/>\t\t<\/div>\n\t\t\t\t<div class=\"elementor-post__text\">\n\t\t\t\t<h3 class=\"elementor-post__title\">\n\t\t\t<a href=\"https:\/\/asfcee.org.br\/index.php\/2025\/05\/14\/atencao-associado-2\/\" target=&quot;_blank&quot;>\n\t\t\t\tATEN\u00c7\u00c3O, ASSOCIADO!\t\t\t<\/a>\n\t\t<\/h3>\n\t\t\t\t<div class=\"elementor-post__excerpt\">\n\t\t\t<p>A Comiss\u00e3o Eleitoral das Elei\u00e7\u00f5es 2025 da ASFCEE informa que ontem (13), foi encerrado o prazo oficial para a homologa\u00e7\u00e3o das chapas que concorrer\u00e3o \u00e0<\/p>\n\t\t<\/div>\n\t\t\n\t\t<a class=\"elementor-post__read-more\" href=\"https:\/\/asfcee.org.br\/index.php\/2025\/05\/14\/atencao-associado-2\/\" aria-label=\"Read more about ATEN\u00c7\u00c3O, ASSOCIADO!\" target=\"_blank\">\n\t\t\tLeia mais \u00bb\t\t<\/a>\n\n\t\t\t\t<\/div>\n\t\t\t\t<div class=\"elementor-post__meta-data\">\n\t\t\t\t\t<span class=\"elementor-post-date\">\n\t\t\t14 de May de 2025\t\t<\/span>\n\t\t\t\t<span class=\"elementor-post-avatar\">\n\t\t\tNo Comments\t\t<\/span>\n\t\t\t\t<\/div>\n\t\t\t\t\t<\/div>\n\t\t<\/article>\n\t\t\t\t<article class=\"elementor-post elementor-grid-item post-7294 post type-post status-publish format-standard has-post-thumbnail hentry category-eleicoes-2025 category-noticias\">\n\t\t\t<div class=\"elementor-post__card\">\n\t\t\t\t<a class=\"elementor-post__thumbnail__link\" href=\"https:\/\/asfcee.org.br\/index.php\/2025\/04\/25\/edital-de-convocacao-das-eleicoes-gerais-de-2025-gestao-2025-2028\/\" target=\"_blank\"><div class=\"elementor-post__thumbnail\"><img width=\"300\" height=\"243\" src=\"https:\/\/asfcee.org.br\/wp-content\/uploads\/2025\/04\/ASFCEE-SITE-350-x-284-px-7-300x243.jpg\" class=\"attachment-medium size-medium wp-image-7296\" alt=\"\" decoding=\"async\" loading=\"lazy\" srcset=\"https:\/\/asfcee.org.br\/wp-content\/uploads\/2025\/04\/ASFCEE-SITE-350-x-284-px-7-300x243.jpg 300w, https:\/\/asfcee.org.br\/wp-content\/uploads\/2025\/04\/ASFCEE-SITE-350-x-284-px-7.jpg 350w\" sizes=\"(max-width: 300px) 100vw, 300px\" \/><\/div><\/a>\n\t\t\t\t<div class=\"elementor-post__badge\">Elei\u00e7\u00f5es 2025<\/div>\n\t\t\t\t<div class=\"elementor-post__avatar\">\n\t\t\t<img alt='Comunica\u00e7\u00e3o ASFCEE' src='https:\/\/secure.gravatar.com\/avatar\/c50bdbd383b448b42b1f3851407fd09b?s=128&#038;d=mm&#038;r=g' srcset='https:\/\/secure.gravatar.com\/avatar\/c50bdbd383b448b42b1f3851407fd09b?s=256&#038;d=mm&#038;r=g 2x' class='avatar avatar-128 photo' height='128' width='128' loading='lazy' decoding='async'\/>\t\t<\/div>\n\t\t\t\t<div class=\"elementor-post__text\">\n\t\t\t\t<h3 class=\"elementor-post__title\">\n\t\t\t<a href=\"https:\/\/asfcee.org.br\/index.php\/2025\/04\/25\/edital-de-convocacao-das-eleicoes-gerais-de-2025-gestao-2025-2028\/\" target=&quot;_blank&quot;>\n\t\t\t\tEDITAL DE CONVOCA\u00c7\u00c3O DAS ELEI\u00c7OES GERAIS DE 2025 (GEST\u00c3O 2025\/2028)\t\t\t<\/a>\n\t\t<\/h3>\n\t\t\t\t<div class=\"elementor-post__excerpt\">\n\t\t\t<p>EDITAL DE CONVOCA\u00c7\u00c3O DAS ELEI\u00c7OES GERAIS DE 2025 (GEST\u00c3O 2025\/2028) EDITAL DE CONVOCA\u00c7\u00c3O DAS ELEI\u00d5ES GERAIS 2025<\/p>\n\t\t<\/div>\n\t\t\n\t\t<a class=\"elementor-post__read-more\" href=\"https:\/\/asfcee.org.br\/index.php\/2025\/04\/25\/edital-de-convocacao-das-eleicoes-gerais-de-2025-gestao-2025-2028\/\" aria-label=\"Read more about EDITAL DE CONVOCA\u00c7\u00c3O DAS ELEI\u00c7OES GERAIS DE 2025 (GEST\u00c3O 2025\/2028)\" target=\"_blank\">\n\t\t\tLeia mais \u00bb\t\t<\/a>\n\n\t\t\t\t<\/div>\n\t\t\t\t<div class=\"elementor-post__meta-data\">\n\t\t\t\t\t<span class=\"elementor-post-date\">\n\t\t\t25 de April de 2025\t\t<\/span>\n\t\t\t\t<span class=\"elementor-post-avatar\">\n\t\t\tNo Comments\t\t<\/span>\n\t\t\t\t<\/div>\n\t\t\t\t\t<\/div>\n\t\t<\/article>\n\t\t\t\t<article class=\"elementor-post elementor-grid-item post-7264 post type-post status-publish format-standard has-post-thumbnail hentry category-avisos category-eleicoes-2025 category-noticias\">\n\t\t\t<div class=\"elementor-post__card\">\n\t\t\t\t<a class=\"elementor-post__thumbnail__link\" href=\"https:\/\/asfcee.org.br\/index.php\/2025\/04\/16\/convocacao-asfcee\/\" target=\"_blank\"><div class=\"elementor-post__thumbnail\"><img width=\"300\" height=\"243\" src=\"https:\/\/asfcee.org.br\/wp-content\/uploads\/2025\/04\/ASFCEE-SITE-350-x-284-px-1-300x243.jpg\" class=\"attachment-medium size-medium wp-image-7268\" alt=\"\" decoding=\"async\" loading=\"lazy\" srcset=\"https:\/\/asfcee.org.br\/wp-content\/uploads\/2025\/04\/ASFCEE-SITE-350-x-284-px-1-300x243.jpg 300w, https:\/\/asfcee.org.br\/wp-content\/uploads\/2025\/04\/ASFCEE-SITE-350-x-284-px-1.jpg 350w\" sizes=\"(max-width: 300px) 100vw, 300px\" \/><\/div><\/a>\n\t\t\t\t<div class=\"elementor-post__badge\">Avisos<\/div>\n\t\t\t\t<div class=\"elementor-post__avatar\">\n\t\t\t<img alt='Comunica\u00e7\u00e3o ASFCEE' src='https:\/\/secure.gravatar.com\/avatar\/c50bdbd383b448b42b1f3851407fd09b?s=128&#038;d=mm&#038;r=g' srcset='https:\/\/secure.gravatar.com\/avatar\/c50bdbd383b448b42b1f3851407fd09b?s=256&#038;d=mm&#038;r=g 2x' class='avatar avatar-128 photo' height='128' width='128' loading='lazy' decoding='async'\/>\t\t<\/div>\n\t\t\t\t<div class=\"elementor-post__text\">\n\t\t\t\t<h3 class=\"elementor-post__title\">\n\t\t\t<a href=\"https:\/\/asfcee.org.br\/index.php\/2025\/04\/16\/convocacao-asfcee\/\" target=&quot;_blank&quot;>\n\t\t\t\tCONVOCA\u00c7\u00c3O ASFCEE.\t\t\t<\/a>\n\t\t<\/h3>\n\t\t\t\t<div class=\"elementor-post__excerpt\">\n\t\t\t<p>INFORMES SOBRE O MOVIMENTO EM PROL DA ISONOMIA SALARIAL Ap\u00f3s anos de luta, o Projeto de Lei da equipara\u00e7\u00e3o das gratifica\u00e7\u00f5es pra o quadro civil<\/p>\n\t\t<\/div>\n\t\t\n\t\t<a class=\"elementor-post__read-more\" href=\"https:\/\/asfcee.org.br\/index.php\/2025\/04\/16\/convocacao-asfcee\/\" aria-label=\"Read more about CONVOCA\u00c7\u00c3O ASFCEE.\" target=\"_blank\">\n\t\t\tLeia mais \u00bb\t\t<\/a>\n\n\t\t\t\t<\/div>\n\t\t\t\t<div class=\"elementor-post__meta-data\">\n\t\t\t\t\t<span class=\"elementor-post-date\">\n\t\t\t16 de April de 2025\t\t<\/span>\n\t\t\t\t<span class=\"elementor-post-avatar\">\n\t\t\tNo Comments\t\t<\/span>\n\t\t\t\t<\/div>\n\t\t\t\t\t<\/div>\n\t\t<\/article>\n\t\t\t\t<article class=\"elementor-post elementor-grid-item post-7246 post type-post status-publish format-standard has-post-thumbnail hentry category-administrativo category-eleicoes-2025 category-noticias\">\n\t\t\t<div class=\"elementor-post__card\">\n\t\t\t\t<div class=\"elementor-post__text\">\n\t\t\t\t<h3 class=\"elementor-post__title\">\n\t\t\t<a href=\"https:\/\/asfcee.org.br\/index.php\/2025\/04\/01\/eleicao-da-comissao-eleitoral\/\" target=&quot;_blank&quot;>\n\t\t\t\tELEI\u00c7\u00c3O DA COMISS\u00c3O ELEITORAL\t\t\t<\/a>\n\t\t<\/h3>\n\t\t\t\t<div class=\"elementor-post__excerpt\">\n\t\t\t<p>ATA 01\/2025 PRIMEIRA REUNI\u00c3O DA COMISS\u00c3O ELEITORAL 2025-2028 Pauta: Nomea\u00e7\u00e3o da presidente da Comiss\u00e3o Eleitoral Publica\u00e7\u00e3o do Edital de Convoca\u00e7\u00e3o Membros presentes: C l e<\/p>\n\t\t<\/div>\n\t\t\n\t\t<a class=\"elementor-post__read-more\" href=\"https:\/\/asfcee.org.br\/index.php\/2025\/04\/01\/eleicao-da-comissao-eleitoral\/\" aria-label=\"Read more about ELEI\u00c7\u00c3O DA COMISS\u00c3O ELEITORAL\" target=\"_blank\">\n\t\t\tLeia mais \u00bb\t\t<\/a>\n\n\t\t\t\t<\/div>\n\t\t\t\t<div class=\"elementor-post__meta-data\">\n\t\t\t\t\t<span class=\"elementor-post-date\">\n\t\t\t1 de April de 2025\t\t<\/span>\n\t\t\t\t<span class=\"elementor-post-avatar\">\n\t\t\tNo Comments\t\t<\/span>\n\t\t\t\t<\/div>\n\t\t\t\t\t<\/div>\n\t\t<\/article>\n\t\t\t\t<\/div>\n\t\t\n\t\t\t\t<\/div>\n\t\t\t\t<\/div>\n\t\t\t\t\t<\/div>\n\t\t<\/div>\n\t\t\t\t\t\t\t<\/div>\n\t\t<\/section>\n\t\t\t\t\t\t\t<\/div>\n\t\t","protected":false},"excerpt":{"rendered":"","protected":false},"author":3,"featured_media":0,"parent":0,"menu_order":0,"comment_status":"closed","ping_status":"closed","template":"","meta":[],"_links":{"self":[{"href":"https:\/\/asfcee.org.br\/index.php\/wp-json\/wp\/v2\/pages\/7250"}],"collection":[{"href":"https:\/\/asfcee.org.br\/index.php\/wp-json\/wp\/v2\/pages"}],"about":[{"href":"https:\/\/asfcee.org.br\/index.php\/wp-json\/wp\/v2\/types\/page"}],"author":[{"embeddable":true,"href":"https:\/\/asfcee.org.br\/index.php\/wp-json\/wp\/v2\/users\/3"}],"replies":[{"embeddable":true,"href":"https:\/\/asfcee.org.br\/index.php\/wp-json\/wp\/v2\/comments?post=7250"}],"version-history":[{"count":7,"href":"https:\/\/asfcee.org.br\/index.php\/wp-json\/wp\/v2\/pages\/7250\/revisions"}],"predecessor-version":[{"id":7498,"href":"https:\/\/asfcee.org.br\/index.php\/wp-json\/wp\/v2\/pages\/7250\/revisions\/7498"}],"wp:attachment":[{"href":"https:\/\/asfcee.org.br\/index.php\/wp-json\/wp\/v2\/media?parent=7250"}],"curies":[{"name":"wp","href":"https:\/\/api.w.org\/{rel}","templated":true}]}}