{"id":8561,"date":"2026-02-04T22:11:21","date_gmt":"2026-02-05T01:11:21","guid":{"rendered":"https:\/\/asfcee.org.br\/?page_id=8561"},"modified":"2026-02-04T22:20:32","modified_gmt":"2026-02-05T01:20:32","slug":"advogado","status":"publish","type":"page","link":"https:\/\/asfcee.org.br\/index.php\/advogado\/","title":{"rendered":"ESCRIT\u00d3RIOS DE ADVOCACIA"},"content":{"rendered":"\t\t<div data-elementor-type=\"wp-page\" data-elementor-id=\"8561\" class=\"elementor elementor-8561\">\n\t\t\t\t\t\t\t\t\t<section class=\"elementor-section elementor-top-section elementor-element elementor-element-36e4cb3 elementor-section-full_width elementor-section-height-default elementor-section-height-default\" data-id=\"36e4cb3\" data-element_type=\"section\" data-settings=\"{&quot;background_background&quot;:&quot;classic&quot;}\">\n\t\t\t\t\t\t\t<div class=\"elementor-background-overlay\"><\/div>\n\t\t\t\t\t\t\t<div class=\"elementor-container elementor-column-gap-default\">\n\t\t\t\t\t<div class=\"elementor-column elementor-col-100 elementor-top-column elementor-element elementor-element-aacf383\" data-id=\"aacf383\" data-element_type=\"column\" data-settings=\"{&quot;background_background&quot;:&quot;classic&quot;}\">\n\t\t\t<div class=\"elementor-widget-wrap elementor-element-populated\">\n\t\t\t\t\t\t\t\t<div class=\"elementor-element elementor-element-e7f842f elementor-widget elementor-widget-heading\" data-id=\"e7f842f\" data-element_type=\"widget\" data-widget_type=\"heading.default\">\n\t\t\t\t<div class=\"elementor-widget-container\">\n\t\t\t<style>\/*! elementor - v3.13.3 - 28-05-2023 *\/\n.elementor-heading-title{padding:0;margin:0;line-height:1}.elementor-widget-heading .elementor-heading-title[class*=elementor-size-]>a{color:inherit;font-size:inherit;line-height:inherit}.elementor-widget-heading .elementor-heading-title.elementor-size-small{font-size:15px}.elementor-widget-heading .elementor-heading-title.elementor-size-medium{font-size:19px}.elementor-widget-heading .elementor-heading-title.elementor-size-large{font-size:29px}.elementor-widget-heading .elementor-heading-title.elementor-size-xl{font-size:39px}.elementor-widget-heading .elementor-heading-title.elementor-size-xxl{font-size:59px}<\/style><h2 class=\"elementor-heading-title elementor-size-default\">ESCRIT\u00d3RIOS DE ADVOGADOCACIA<\/h2>\t\t<\/div>\n\t\t\t\t<\/div>\n\t\t\t\t\t<\/div>\n\t\t<\/div>\n\t\t\t\t\t\t\t<\/div>\n\t\t<\/section>\n\t\t\t\t<div class=\"elementor-section elementor-top-section elementor-element elementor-element-72b0d3d elementor-section-boxed elementor-section-height-default elementor-section-height-default\" data-id=\"72b0d3d\" data-element_type=\"section\">\n\t\t\t\t\t\t<div class=\"elementor-container elementor-column-gap-default\">\n\t\t\t\t\t<div class=\"elementor-column elementor-col-100 elementor-top-column elementor-element elementor-element-fcd2843\" data-id=\"fcd2843\" data-element_type=\"column\">\n\t\t\t<div class=\"elementor-widget-wrap elementor-element-populated\">\n\t\t\t\t\t\t\t\t<div class=\"elementor-element elementor-element-1682c53 elementor-widget elementor-widget-elementskit-blog-posts\" data-id=\"1682c53\" data-element_type=\"widget\" data-widget_type=\"elementskit-blog-posts.default\">\n\t\t\t\t<div class=\"elementor-widget-container\">\n\t\t\t<div class=\"ekit-wid-con\" >\n        <div id=\"post-items--1682c53\" class=\"row post-items ekit-blog-posts-content\" data-enable=\"no\">\n\n\t\t\t<!-- Blog Carousel markup render -->\n\t\t\t\n\n            <div class=\"col-md-12\">\n\n                                    <div class=\"elementskit-blog-block-post\">\n                        <div class=\"row no-gutters\">\n                            \n                            <div class=\"col-md-12 order-2\">\n                                <div class=\"elementskit-post-body ekit-highlight-border\">\n                                    <div class=\"elementskit-entry-header\">\n                                        \n                                            \n                                            \n                                                                                <\/div><!-- .elementskit-entry-header END -->\n\n                                                                            <div class=\"elementskit-post-footer\">\n                                                                                            <p><\/p>\n                                                                                                                                                                                                                            <\/div><!-- .elementskit-post-footer END -->\n                                                                    <\/div><!-- .elementskit-post-body END -->\n                            <\/div>\n                        <\/div>\n                    <\/div><!-- .elementskit-blog-block-post .radius .gradient-bg END -->\n                \n            <\/div>\t\t\t\t        <\/div>\n        \n        \n        <\/div>\t\t<\/div>\n\t\t\t\t<\/div>\n\t\t\t\t\t<\/div>\n\t\t<\/div>\n\t\t\t\t\t\t\t<\/div>\n\t\t<\/div>\n\t\t\t\t<section class=\"elementor-section elementor-top-section elementor-element elementor-element-293c4f9 elementor-section-boxed elementor-section-height-default elementor-section-height-default\" data-id=\"293c4f9\" data-element_type=\"section\">\n\t\t\t\t\t\t<div class=\"elementor-container elementor-column-gap-default\">\n\t\t\t\t\t<div class=\"elementor-column elementor-col-100 elementor-top-column elementor-element elementor-element-16ca724\" data-id=\"16ca724\" data-element_type=\"column\">\n\t\t\t<div class=\"elementor-widget-wrap elementor-element-populated\">\n\t\t\t\t\t\t\t\t<div class=\"elementor-element elementor-element-4326e19 elementor-widget elementor-widget-html\" data-id=\"4326e19\" data-element_type=\"widget\" data-widget_type=\"html.default\">\n\t\t\t\t<div class=\"elementor-widget-container\">\n\t\t\t<div class=\"elementor-element elementor-element-1682c53 elementor-widget elementor-widget-elementskit-blog-posts\" data-id=\"1682c53\" data-element_type=\"widget\" data-widget_type=\"elementskit-blog-posts.default\">\r\n\t<div class=\"elementor-widget-container\">\r\n        <div class=\"ekit-wid-con\">\r\n            <div id=\"post-items--1682c53\" class=\"row post-items ekit-blog-posts-content\" data-enable=\"no\">\r\n\t\t\t    <!-- Blog Carousel markup render -->\t\t\r\n                <div class=\"col-md-12\">\r\n                    <div class=\"elementskit-blog-block-post\">\r\n                        <div class=\"row no-gutters\">                            \r\n                            <div class=\"col-md-12 order-2\">\r\n                                <div class=\"elementskit-post-body ekit-highlight-border\">\r\n                                    <div class=\"elementskit-entry-header\">                                                                                \r\n                                        <h2 class=\"entry-title\">\r\n                                            <a href=\"#\">\r\n                                                Niemeyer advocacia\r\n                                            <\/a>\r\n                                        <\/h2> \r\n\t\t\t\t\t\t\t\t\t\t<p>\r\n\t\t\t\t\t\t\t\t\t\t  Dra D\u00e9bora:  48 9963-3797\r\n\t\t\t\t\t\t\t\t\t\t<\/p>\r\n                                    <\/div><!-- .elementskit-entry-header END -->\r\n\r\n                                    <div class=\"elementskit-post-footer\">\r\n                                        <a href=\"https:\/\/asfcee.org.br\/wp-content\/uploads\/2026\/02\/ACAO_INDIVIDUAL_DE_REVISAO_DE_PROGRESSAO_FUNCIONAL.docx\" target=\"_blank\">Baixe aqui sua procura\u00e7\u00e3o<\/a>\r\n                                    <\/div><!-- .elementskit-post-footer END -->\r\n                                <\/div><!-- .elementskit-post-body END -->\r\n                            <\/div>\r\n                        <\/div>\r\n                    <\/div><!-- .elementskit-blog-block-post .radius .gradient-bg END -->                \r\n                <\/div>\t\t\t\t\r\n            <\/div>                \r\n        <\/div>\r\n\t<\/div>\r\n<\/div>\t\t<\/div>\n\t\t\t\t<\/div>\n\t\t\t\t\t<\/div>\n\t\t<\/div>\n\t\t\t\t\t\t\t<\/div>\n\t\t<\/section>\n\t\t\t\t\t\t\t<\/div>\n\t\t","protected":false},"excerpt":{"rendered":"<p>ESCRIT\u00d3RIOS DE ADVOGADOCACIA Niemeyer advocacia Dra D\u00e9bora: 48 9963-3797 Baixe aqui sua procura\u00e7\u00e3o<\/p>\n","protected":false},"author":2,"featured_media":0,"parent":0,"menu_order":0,"comment_status":"closed","ping_status":"closed","template":"elementor_header_footer","meta":[],"_links":{"self":[{"href":"https:\/\/asfcee.org.br\/index.php\/wp-json\/wp\/v2\/pages\/8561"}],"collection":[{"href":"https:\/\/asfcee.org.br\/index.php\/wp-json\/wp\/v2\/pages"}],"about":[{"href":"https:\/\/asfcee.org.br\/index.php\/wp-json\/wp\/v2\/types\/page"}],"author":[{"embeddable":true,"href":"https:\/\/asfcee.org.br\/index.php\/wp-json\/wp\/v2\/users\/2"}],"replies":[{"embeddable":true,"href":"https:\/\/asfcee.org.br\/index.php\/wp-json\/wp\/v2\/comments?post=8561"}],"version-history":[{"count":5,"href":"https:\/\/asfcee.org.br\/index.php\/wp-json\/wp\/v2\/pages\/8561\/revisions"}],"predecessor-version":[{"id":8567,"href":"https:\/\/asfcee.org.br\/index.php\/wp-json\/wp\/v2\/pages\/8561\/revisions\/8567"}],"wp:attachment":[{"href":"https:\/\/asfcee.org.br\/index.php\/wp-json\/wp\/v2\/media?parent=8561"}],"curies":[{"name":"wp","href":"https:\/\/api.w.org\/{rel}","templated":true}]}}